{"id":1753,"date":"2019-06-19T13:27:52","date_gmt":"2019-06-19T13:27:52","guid":{"rendered":"http:\/\/designtest.w3itslabs.net\/wp_sanjusto\/?page_id=1753"},"modified":"2019-06-19T13:27:52","modified_gmt":"2019-06-19T13:27:52","slug":"consejo-de-asuntos-economicos-2","status":"publish","type":"page","link":"http:\/\/www.diocesisdesanjusto.org\/index.php\/consejo-de-asuntos-economicos-2\/","title":{"rendered":"Consejo de Asuntos Econ\u00f3micos"},"content":{"rendered":"<p><strong>Consejo de Asuntos Econ\u00f3micos<br \/>\n<\/strong>&#8211; Pbro. Ra\u00fal An\u00edbal Cuevas<br \/>\n&#8211; Contador Sr. Fernando L\u00f3pez<br \/>\n&#8211; Pbro. Santiago Rostom Maderna<\/p>\n<p>Los miembros del Consejo de Asuntos Econ\u00f3micos del Obispado de San Justo hicieron su profesi\u00f3n de fe y juramento de fidelidad delante el obispo local, Monse\u00f1or Eduardo Horacio Garc\u00eda<\/p>\n","protected":false},"excerpt":{"rendered":"<p>Consejo de Asuntos Econ\u00f3micos &#8211; Pbro. Ra\u00fal An\u00edbal Cuevas &#8211; Contador Sr. Fernando L\u00f3pez &#8211; Pbro. Santiago Rostom Maderna Los miembros del Consejo de Asuntos Econ\u00f3micos del Obispado de San Justo hicieron su profesi\u00f3n de fe y juramento de fidelidad delante el obispo local, Monse\u00f1or Eduardo Horacio Garc\u00eda<\/p>\n","protected":false},"author":1,"featured_media":0,"parent":0,"menu_order":0,"comment_status":"closed","ping_status":"closed","template":"","meta":[],"_links":{"self":[{"href":"http:\/\/www.diocesisdesanjusto.org\/index.php\/wp-json\/wp\/v2\/pages\/1753"}],"collection":[{"href":"http:\/\/www.diocesisdesanjusto.org\/index.php\/wp-json\/wp\/v2\/pages"}],"about":[{"href":"http:\/\/www.diocesisdesanjusto.org\/index.php\/wp-json\/wp\/v2\/types\/page"}],"author":[{"embeddable":true,"href":"http:\/\/www.diocesisdesanjusto.org\/index.php\/wp-json\/wp\/v2\/users\/1"}],"replies":[{"embeddable":true,"href":"http:\/\/www.diocesisdesanjusto.org\/index.php\/wp-json\/wp\/v2\/comments?post=1753"}],"version-history":[{"count":1,"href":"http:\/\/www.diocesisdesanjusto.org\/index.php\/wp-json\/wp\/v2\/pages\/1753\/revisions"}],"predecessor-version":[{"id":1754,"href":"http:\/\/www.diocesisdesanjusto.org\/index.php\/wp-json\/wp\/v2\/pages\/1753\/revisions\/1754"}],"wp:attachment":[{"href":"http:\/\/www.diocesisdesanjusto.org\/index.php\/wp-json\/wp\/v2\/media?parent=1753"}],"curies":[{"name":"wp","href":"https:\/\/api.w.org\/{rel}","templated":true}]}}