{"id":160,"date":"2018-12-21T19:23:45","date_gmt":"2018-12-21T19:23:45","guid":{"rendered":"http:\/\/test.w3itsolutions.net\/design\/wp_sanjusto\/?page_id=160"},"modified":"2019-04-11T14:06:08","modified_gmt":"2019-04-11T14:06:08","slug":"consejo-pastoral-diocesano","status":"publish","type":"page","link":"http:\/\/www.diocesisdesanjusto.org\/index.php\/consejo-pastoral-diocesano\/","title":{"rendered":"Consejo Pastoral Diocesano"},"content":{"rendered":"<p><strong>&#8211; \u00bfQu\u00e9 es?<\/strong><br \/>\nEl CDP es un organismo que tiene como funci\u00f3n propia estudiar, analizar y asesorar al Sr. Obispo en temas de Pastoral, como as\u00ed tambi\u00e9n motorizar las decisiones que se tomen.<\/p>\n<p><strong>&#8211; \u00bfQui\u00e9nes lo integran?<\/strong><br \/>\nLo integran fieles de todos los estados de vida y de las diversas regiones, profesiones, condiciones econ\u00f3micas y sociales. La mayor\u00eda de ellos son laicos. El CDP tiene miembros que pertenecen al \u00e9l por derecho propio, son los que pertenecen por la misma raz\u00f3n al Consejo Presbiteral. Miembros que son elegidos por sus pares. Y miembros libremente nombrados por el Se\u00f1or Obispo.<\/p>\n<p><strong>&#8211; \u00bfC\u00f3mo se han elegido a los laicos?<\/strong><br \/>\nHay seis laicos representantes de los seis Decanatos. Ellos fueron elegidos por cada Consejo Parroquial de Pastoral y luego votaron a uno entre todas las Parroquias del Decanato. En el caso de la Junta de Apostolado Laico eligieron entre ellos a dos representantes.<\/p>\n<p><strong>&#8211; \u00bfC\u00f3mo funciona?<\/strong><br \/>\nEl CDP tiene organismos personales: el Presidente y el Secretario. Y organismos colegiados: la Comisi\u00f3n Permanente y el Pleno.<\/p>\n","protected":false},"excerpt":{"rendered":"<p>&#8211; \u00bfQu\u00e9 es? El CDP es un organismo que tiene como funci\u00f3n propia estudiar, analizar y asesorar al Sr. Obispo en temas de Pastoral, como as\u00ed tambi\u00e9n motorizar las decisiones que se tomen. &#8211; \u00bfQui\u00e9nes lo integran? Lo integran fieles de todos los estados de vida y de las diversas regiones, profesiones, condiciones econ\u00f3micas y [&hellip;]<\/p>\n","protected":false},"author":1,"featured_media":0,"parent":0,"menu_order":0,"comment_status":"closed","ping_status":"closed","template":"","meta":[],"_links":{"self":[{"href":"http:\/\/www.diocesisdesanjusto.org\/index.php\/wp-json\/wp\/v2\/pages\/160"}],"collection":[{"href":"http:\/\/www.diocesisdesanjusto.org\/index.php\/wp-json\/wp\/v2\/pages"}],"about":[{"href":"http:\/\/www.diocesisdesanjusto.org\/index.php\/wp-json\/wp\/v2\/types\/page"}],"author":[{"embeddable":true,"href":"http:\/\/www.diocesisdesanjusto.org\/index.php\/wp-json\/wp\/v2\/users\/1"}],"replies":[{"embeddable":true,"href":"http:\/\/www.diocesisdesanjusto.org\/index.php\/wp-json\/wp\/v2\/comments?post=160"}],"version-history":[{"count":3,"href":"http:\/\/www.diocesisdesanjusto.org\/index.php\/wp-json\/wp\/v2\/pages\/160\/revisions"}],"predecessor-version":[{"id":164,"href":"http:\/\/www.diocesisdesanjusto.org\/index.php\/wp-json\/wp\/v2\/pages\/160\/revisions\/164"}],"wp:attachment":[{"href":"http:\/\/www.diocesisdesanjusto.org\/index.php\/wp-json\/wp\/v2\/media?parent=160"}],"curies":[{"name":"wp","href":"https:\/\/api.w.org\/{rel}","templated":true}]}}