{"id":1362,"date":"2019-04-30T14:45:02","date_gmt":"2019-04-30T14:45:02","guid":{"rendered":"http:\/\/test.w3itsolutions.net\/design\/wp_sanjusto\/?page_id=1362"},"modified":"2026-02-23T13:40:25","modified_gmt":"2026-02-23T13:40:25","slug":"comunidades-religiosas-femeninas","status":"publish","type":"page","link":"http:\/\/www.diocesisdesanjusto.org\/index.php\/comunidades-religiosas-femeninas\/","title":{"rendered":"Vida Consagrada Femenina"},"content":{"rendered":"<table style=\"border: 1px solid; height: 1671px;\" width=\"837\">\n<thead>\n<tr>\n<th style=\"text-align: center; padding: 10px; border: solid 1px;\">INSTITUCI\u00d3N<\/th>\n<th style=\"text-align: center; padding: 10px; border: solid 1px;\">DIRECCI\u00d3N<\/th>\n<th style=\"text-align: center; padding: 10px; border: solid 1px;\">LOCALIDAD<\/th>\n<th style=\"text-align: center; padding: 10px; border: solid 1px;\">TEL\u00c9FONO<\/th>\n<th style=\"text-align: center; padding: 10px; border: solid 1px;\">MAIL<\/th>\n<\/tr>\n<\/thead>\n<tbody>\n<tr>\n<th style=\"text-align: center; padding: 10px; border: solid 1px;\" colspan=\"5\">VIDA CONTEMPLATIVA<\/p>\n<p style=\"text-align: left;\">Monasterio Santa Catalina de Siena<\/p>\n<p style=\"text-align: left;\">Triunvirato 3625 &#8211; Villa Luzuriaga &#8211; Tel\u00e9fono 4645 -1078<\/p>\n<p>CONGREGACIONES RELIGIOSAS<\/th>\n<\/tr>\n<tr>\n<td style=\"text-align: center; padding: 10px; border: solid 1px;\">1-Hnas. Franciscanas Terciarias de la Caridad Cristiana.<\/td>\n<td style=\"text-align: center; padding: 10px; border: solid 1px;\">La Bajada 1378<\/td>\n<td style=\"text-align: center; padding: 10px; border: solid 1px;\">Villa Madero<\/td>\n<td style=\"text-align: center; padding: 10px; border: solid 1px;\">4652-7653<\/td>\n<td style=\"text-align: center; padding: 10px; border: solid 1px;\"><\/td>\n<\/tr>\n<tr>\n<td style=\"text-align: center; padding: 10px; border: solid 1px;\">2-Hermanas de la Caridad de Santa Ana Hospital San Juan de Dios<\/td>\n<td style=\"text-align: center; padding: 10px; border: solid 1px;\">Ardoino 714<\/td>\n<td style=\"text-align: center; padding: 10px; border: solid 1px;\">Ramos Mej\u00eda<\/td>\n<td style=\"text-align: center; padding: 10px; border: solid 1px;\">Ramos Mej\u00eda<\/td>\n<td style=\"text-align: center; padding: 10px; border: solid 1px;\">hermanasramosm@yahoo.com.ar<\/td>\n<\/tr>\n<tr>\n<td style=\"text-align: center; padding: 10px; border: solid 1px;\">3-Hermans de la Sgda. Familia de Urgel<\/td>\n<td style=\"text-align: center; padding: 10px; border: solid 1px;\">Luis Guanella 655<\/td>\n<td style=\"text-align: center; padding: 10px; border: solid 1px;\">Aldo Bonzi<\/td>\n<td style=\"text-align: center; padding: 10px; border: solid 1px;\">4442-1866<\/td>\n<td style=\"text-align: center; padding: 10px; border: solid 1px;\">safab@datamarkets.com.ar<\/td>\n<\/tr>\n<tr>\n<td style=\"text-align: center; padding: 10px; border: solid 1px;\">4-Hijas de Mar\u00eda Auxiliadora<\/td>\n<td style=\"text-align: center; padding: 10px; border: solid 1px;\">Calle 802 C.68 Sec.J<\/td>\n<td style=\"text-align: center; padding: 10px; border: solid 1px;\">Ciudad Evita<\/td>\n<td style=\"text-align: center; padding: 10px; border: solid 1px;\">4695-2347<\/td>\n<td style=\"text-align: center; padding: 10px; border: solid 1px;\">sorcolo@yahoo.es<\/td>\n<\/tr>\n<tr>\n<td style=\"text-align: center; padding: 10px; border: solid 1px;\">5-Hijas de Ntra. Sra. de Luj\u00e1n<\/td>\n<td style=\"text-align: center; padding: 10px; border: solid 1px;\">Olavarr\u00eda 611<\/td>\n<td style=\"text-align: center; padding: 10px; border: solid 1px;\">Villa Madero<\/td>\n<td style=\"text-align: center; padding: 10px; border: solid 1px;\">4652-5775<\/td>\n<td style=\"text-align: center; padding: 10px; border: solid 1px;\">colegioamezola@speedy.com.ar<\/td>\n<\/tr>\n<tr>\n<td style=\"text-align: center; padding: 10px; border: solid 1px;\">7-Hijas de Santa Mar\u00eda de la Providencia<\/td>\n<td style=\"text-align: center; padding: 10px; border: solid 1px;\">Don Guanella 350<\/td>\n<td style=\"text-align: center; padding: 10px; border: solid 1px;\">Tapiales<\/td>\n<td style=\"text-align: center; padding: 10px; border: solid 1px;\">4622-5893<\/td>\n<td style=\"text-align: center; padding: 10px; border: solid 1px;\">guanellianastapiales@hotmail.com<\/td>\n<\/tr>\n<tr>\n<td style=\"text-align: center; padding: 10px; border: solid 1px;\">8-Hnas. Dominicas Argent del Sto. Rosario<\/td>\n<td style=\"text-align: center; padding: 10px; border: solid 1px;\">Villegas 2471<\/td>\n<td style=\"text-align: center; padding: 10px; border: solid 1px;\">San Justo<\/td>\n<td style=\"text-align: center; padding: 10px; border: solid 1px;\">4651-1627<\/td>\n<td style=\"text-align: center; padding: 10px; border: solid 1px;\">starosapolimodal@yahoo.com.ar<\/td>\n<\/tr>\n<tr>\n<td style=\"text-align: center; padding: 10px; border: solid 1px;\">9-Misioneras Catequistas de Cristo Rey<\/td>\n<td style=\"text-align: center; padding: 10px; border: solid 1px;\">Alicia M de Justo 4325<\/td>\n<td style=\"text-align: center; padding: 10px; border: solid 1px;\">V.Insuperable<\/td>\n<td style=\"text-align: center; padding: 10px; border: solid 1px;\">4652-7224<\/td>\n<td style=\"text-align: center; padding: 10px; border: solid 1px;\">esdaflia@gmail.com<\/td>\n<\/tr>\n<tr>\n<td style=\"text-align: center; padding: 10px; border: solid 1px;\">10-Misioneras de la Divina Misericordia<\/td>\n<td style=\"text-align: center; padding: 10px; border: solid 1px;\">Blanco Encalada 848<\/td>\n<td style=\"text-align: center; padding: 10px; border: solid 1px;\">Villa Madero<\/td>\n<td style=\"text-align: center; padding: 10px; border: solid 1px;\">4652-3208<\/td>\n<td style=\"text-align: center; padding: 10px; border: solid 1px;\"><\/td>\n<\/tr>\n<tr>\n<td style=\"text-align: center; padding: 10px; border: solid 1px;\">11-Misioneras de San Carlos Borromeo<\/td>\n<td style=\"text-align: center; padding: 10px; border: solid 1px;\">Alsina 942<\/td>\n<td style=\"text-align: center; padding: 10px; border: solid 1px;\">Ramos Mej\u00eda<\/td>\n<td style=\"text-align: center; padding: 10px; border: solid 1px;\">4658-0443<\/td>\n<td style=\"text-align: center; padding: 10px; border: solid 1px;\">cemimm@yahoo.com<\/td>\n<\/tr>\n<tr>\n<td style=\"text-align: center; padding: 10px; border: solid 1px;\">12-Oblatas del Sant\u00edsimo Redentor<\/td>\n<td style=\"text-align: center; padding: 10px; border: solid 1px;\">Saavedra<\/td>\n<td style=\"text-align: center; padding: 10px; border: solid 1px;\">Ramos Mej\u00eda<\/td>\n<td style=\"text-align: center; padding: 10px; border: solid 1px;\">4658-0757<\/td>\n<td style=\"text-align: center; padding: 10px; border: solid 1px;\">oblatasramos@speedy.com.ar<\/td>\n<\/tr>\n<tr>\n<td style=\"text-align: center; padding: 10px; border: solid 1px;\">13-Religiosas Dominicas de la Anunciata<\/td>\n<td style=\"text-align: center; padding: 10px; border: solid 1px;\">\u00c1lvarez Jonte 37<\/td>\n<td style=\"text-align: center; padding: 10px; border: solid 1px;\">Ramos Mej\u00eda<\/td>\n<td style=\"text-align: center; padding: 10px; border: solid 1px;\">4658-0136<\/td>\n<td style=\"text-align: center; padding: 10px; border: solid 1px;\"><\/td>\n<\/tr>\n<tr>\n<th style=\"text-align: center; padding: 10px; border: solid 1px;\" colspan=\"5\">SOCIDEDAD DE VIDA APOST\u00d3LICA<\/th>\n<\/tr>\n<tr>\n<td style=\"text-align: center; padding: 10px; border: solid 1px;\">Peque\u00f1as Hermanas de Mar\u00eda<\/td>\n<td style=\"text-align: center; padding: 10px; border: solid 1px;\">Lezica 4626<\/td>\n<td style=\"text-align: center; padding: 10px; border: solid 1px;\">San Justo<\/td>\n<td style=\"text-align: center; padding: 10px; border: solid 1px;\">4691-1510<\/td>\n<td style=\"text-align: center; padding: 10px; border: solid 1px;\"><\/td>\n<\/tr>\n<tr>\n<th style=\"text-align: center; padding: 10px; border: solid 1px;\" colspan=\"5\">INSTITUTOS SECULARES<\/th>\n<\/tr>\n<tr>\n<td style=\"text-align: center; padding: 10px; border: solid 1px;\">1-Oblatas Diocesanas Srta.Matilde Germanovich<\/td>\n<td style=\"text-align: center; padding: 10px; border: solid 1px;\"><\/td>\n<td style=\"text-align: center; padding: 10px; border: solid 1px;\">Tablada<\/td>\n<td style=\"text-align: center; padding: 10px; border: solid 1px;\">4655-0503<\/td>\n<td style=\"text-align: center; padding: 10px; border: solid 1px;\">matildegermanovich@yahoo.com.ar<\/td>\n<\/tr>\n<tr>\n<td style=\"text-align: center; padding: 10px; border: solid 1px;\">2-Alianza en Jes\u00fas por Mar\u00eda<\/td>\n<td style=\"text-align: center; padding: 10px; border: solid 1px;\">Jujuy 3124<\/td>\n<td style=\"text-align: center; padding: 10px; border: solid 1px;\">San Justo<\/td>\n<td style=\"text-align: center; padding: 10px; border: solid 1px;\">4651-2937<\/td>\n<td style=\"text-align: center; padding: 10px; border: solid 1px;\"><\/td>\n<\/tr>\n<\/tbody>\n<\/table>\n","protected":false},"excerpt":{"rendered":"<p>INSTITUCI\u00d3N DIRECCI\u00d3N LOCALIDAD TEL\u00c9FONO MAIL VIDA CONTEMPLATIVA Monasterio Santa Catalina de Siena Triunvirato 3625 &#8211; Villa Luzuriaga &#8211; Tel\u00e9fono 4645 -1078 CONGREGACIONES RELIGIOSAS 1-Hnas. Franciscanas Terciarias de la Caridad Cristiana. La Bajada 1378 Villa Madero 4652-7653 2-Hermanas de la Caridad de Santa Ana Hospital San Juan de Dios Ardoino 714 Ramos Mej\u00eda Ramos Mej\u00eda hermanasramosm@yahoo.com.ar [&hellip;]<\/p>\n","protected":false},"author":1,"featured_media":0,"parent":0,"menu_order":0,"comment_status":"closed","ping_status":"closed","template":"","meta":[],"_links":{"self":[{"href":"http:\/\/www.diocesisdesanjusto.org\/index.php\/wp-json\/wp\/v2\/pages\/1362"}],"collection":[{"href":"http:\/\/www.diocesisdesanjusto.org\/index.php\/wp-json\/wp\/v2\/pages"}],"about":[{"href":"http:\/\/www.diocesisdesanjusto.org\/index.php\/wp-json\/wp\/v2\/types\/page"}],"author":[{"embeddable":true,"href":"http:\/\/www.diocesisdesanjusto.org\/index.php\/wp-json\/wp\/v2\/users\/1"}],"replies":[{"embeddable":true,"href":"http:\/\/www.diocesisdesanjusto.org\/index.php\/wp-json\/wp\/v2\/comments?post=1362"}],"version-history":[{"count":8,"href":"http:\/\/www.diocesisdesanjusto.org\/index.php\/wp-json\/wp\/v2\/pages\/1362\/revisions"}],"predecessor-version":[{"id":2538,"href":"http:\/\/www.diocesisdesanjusto.org\/index.php\/wp-json\/wp\/v2\/pages\/1362\/revisions\/2538"}],"wp:attachment":[{"href":"http:\/\/www.diocesisdesanjusto.org\/index.php\/wp-json\/wp\/v2\/media?parent=1362"}],"curies":[{"name":"wp","href":"https:\/\/api.w.org\/{rel}","templated":true}]}}